{"id":81,"date":"2024-05-15T17:07:36","date_gmt":"2024-05-15T15:07:36","guid":{"rendered":"https:\/\/faisctn2024.com\/?page_id=81"},"modified":"2024-09-04T10:57:30","modified_gmt":"2024-09-04T08:57:30","slug":"%e2%81%a0mot-du-parrain-ou-de-la-marraine","status":"publish","type":"page","link":"https:\/\/faisctn2024.com\/fr\/%e2%81%a0mot-du-parrain-ou-de-la-marraine\/","title":{"rendered":"Mots du parrain ou de la marraine"},"content":{"rendered":"<div data-elementor-type=\"wp-page\" data-elementor-id=\"81\" class=\"elementor elementor-81\" data-elementor-post-type=\"page\">\n\t\t\t\t<div class=\"elementor-element elementor-element-a9e1b5f e-flex e-con-boxed e-con e-parent\" data-id=\"a9e1b5f\" data-element_type=\"container\">\n\t\t\t\t\t<div class=\"e-con-inner\">\n\t\t<div class=\"elementor-element elementor-element-bca3efd e-con-full e-flex e-con e-child\" data-id=\"bca3efd\" data-element_type=\"container\">\n\t\t\t\t<div class=\"elementor-element elementor-element-1d7d8ea elementor-widget elementor-widget-image\" data-id=\"1d7d8ea\" data-element_type=\"widget\" data-widget_type=\"image.default\">\n\t\t\t\t<div class=\"elementor-widget-container\">\n\t\t\t<style>\/*! elementor - v3.23.0 - 15-07-2024 *\/\n.elementor-widget-image{text-align:center}.elementor-widget-image a{display:inline-block}.elementor-widget-image a img[src$=\".svg\"]{width:48px}.elementor-widget-image img{vertical-align:middle;display:inline-block}<\/style>\t\t\t\t\t\t\t\t\t\t<img decoding=\"async\" src=\"https:\/\/faisctn2024.com\/wp-content\/uploads\/elementor\/thumbs\/Faith_headshot-qt0827sidu0l5tzd3ezfg60xj0rlu09c9hwsa5efmo.png\" title=\"Faith_headshot\" alt=\"Faith_headshot\" loading=\"lazy\" \/>\t\t\t\t\t\t\t\t\t\t\t\t\t<\/div>\n\t\t\t\t<\/div>\n\t\t\t\t<\/div>\n\t\t\t\t\t<\/div>\n\t\t\t\t<\/div>\n\t\t<div class=\"elementor-element elementor-element-0990fdf e-flex e-con-boxed e-con e-parent\" data-id=\"0990fdf\" data-element_type=\"container\">\n\t\t\t\t\t<div class=\"e-con-inner\">\n\t\t<div class=\"elementor-element elementor-element-54eeb93 e-con-full e-flex e-con e-child\" data-id=\"54eeb93\" data-element_type=\"container\">\n\t\t<div class=\"elementor-element elementor-element-5fa2973 e-con-full e-flex e-con e-child\" data-id=\"5fa2973\" data-element_type=\"container\">\n\t\t\t\t<div class=\"elementor-element elementor-element-9f50281 elementor-widget elementor-widget-text-editor\" data-id=\"9f50281\" data-element_type=\"widget\" data-widget_type=\"text-editor.default\">\n\t\t\t\t<div class=\"elementor-widget-container\">\n\t\t\t<style>\/*! elementor - v3.23.0 - 15-07-2024 *\/\n.elementor-widget-text-editor.elementor-drop-cap-view-stacked .elementor-drop-cap{background-color:#69727d;color:#fff}.elementor-widget-text-editor.elementor-drop-cap-view-framed .elementor-drop-cap{color:#69727d;border:3px solid;background-color:transparent}.elementor-widget-text-editor:not(.elementor-drop-cap-view-default) .elementor-drop-cap{margin-top:8px}.elementor-widget-text-editor:not(.elementor-drop-cap-view-default) .elementor-drop-cap-letter{width:1em;height:1em}.elementor-widget-text-editor .elementor-drop-cap{float:left;text-align:center;line-height:1;font-size:50px}.elementor-widget-text-editor .elementor-drop-cap-letter{display:inline-block}<\/style>\t\t\t\t<p>Je suis profond\u00e9ment honor\u00e9e de soutenir le progr\u00e8s de l'immunologie en Afrique, une cause qui me tient \u00e0 c\u0153ur. Durant mon mandat en tant que Pr\u00e9sidente de l'Union Internationale des Soci\u00e9t\u00e9s d'Immunologie (IUIS), j'ai \u00e9t\u00e9 t\u00e9moin de la croissance remarquable de la communaut\u00e9 immunologique \u00e0 travers le continent, y compris la fondation de la Soci\u00e9t\u00e9 B\u00e9ninoise d'Immunologie en 2019. Ce congr\u00e8s repr\u00e9sente une plateforme cruciale pour les scientifiques africains afin de mettre en valeur leur travail, favoriser les collaborations et promouvoir les innovations scientifiques qui r\u00e9pondront aux d\u00e9fis sanitaires uniques de notre r\u00e9gion. Je tiens particuli\u00e8rement \u00e0 encourager les jeunes filles et les femmes scientifiques du B\u00e9nin et de toute l'Afrique \u00e0 participer activement \u00e0 l'\u00e9laboration de l'agenda scientifique de notre continent. Vos contributions sont n\u00e9cessaires et tr\u00e8s bienvenues ! Je suis fi\u00e8re de me tenir aux c\u00f4t\u00e9s de mes coll\u00e8gues alors que nous travaillons ensemble pour \u00e9lever l'impact de l'immunologie en Afrique et au-del\u00e0.<\/p>\t\t\t\t\t\t<\/div>\n\t\t\t\t<\/div>\n\t\t\t\t<div class=\"elementor-element elementor-element-6b456c4 elementor-widget elementor-widget-text-editor\" data-id=\"6b456c4\" data-element_type=\"widget\" data-widget_type=\"text-editor.default\">\n\t\t\t\t<div class=\"elementor-widget-container\">\n\t\t\t\t\t\t\t<p><span class=\"s2\">Faith Osier, <\/span><span class=\"s2\">Ancienne Pr\u00e9sidente, Union Internationale des Soci\u00e9t\u00e9s d'Immunologie (IUIS)<\/span><\/p>\t\t\t\t\t\t<\/div>\n\t\t\t\t<\/div>\n\t\t\t\t<\/div>\n\t\t\t\t<\/div>\n\t\t\t\t\t<\/div>\n\t\t\t\t<\/div>\n\t\t<div class=\"elementor-element elementor-element-138517dd e-flex e-con-boxed e-con e-parent\" data-id=\"138517dd\" data-element_type=\"container\" data-settings=\"{&quot;background_background&quot;:&quot;classic&quot;}\">\n\t\t\t\t\t<div class=\"e-con-inner\">\n\t\t<div class=\"elementor-element elementor-element-73295e2b e-con-full e-flex e-con e-child\" data-id=\"73295e2b\" data-element_type=\"container\">\n\t\t<div class=\"elementor-element elementor-element-16097f92 e-con-full e-flex e-con e-child\" data-id=\"16097f92\" data-element_type=\"container\">\n\t\t\t\t<div class=\"elementor-element elementor-element-12d16873 elementor-widget elementor-widget-heading\" data-id=\"12d16873\" data-element_type=\"widget\" data-widget_type=\"heading.default\">\n\t\t\t\t<div class=\"elementor-widget-container\">\n\t\t\t<style>\/*! elementor - v3.23.0 - 15-07-2024 *\/\n.elementor-heading-title{padding:0;margin:0;line-height:1}.elementor-widget-heading .elementor-heading-title[class*=elementor-size-]>a{color:inherit;font-size:inherit;line-height:inherit}.elementor-widget-heading .elementor-heading-title.elementor-size-small{font-size:15px}.elementor-widget-heading .elementor-heading-title.elementor-size-medium{font-size:19px}.elementor-widget-heading .elementor-heading-title.elementor-size-large{font-size:29px}.elementor-widget-heading .elementor-heading-title.elementor-size-xl{font-size:39px}.elementor-widget-heading .elementor-heading-title.elementor-size-xxl{font-size:59px}<\/style><h2 class=\"elementor-heading-title elementor-size-default\">PROGRAMME<\/h2>\t\t<\/div>\n\t\t\t\t<\/div>\n\t\t\t\t<div class=\"elementor-element elementor-element-4cbe177f elementor-align-center elementor-widget elementor-widget-button\" data-id=\"4cbe177f\" data-element_type=\"widget\" data-widget_type=\"button.default\">\n\t\t\t\t<div class=\"elementor-widget-container\">\n\t\t\t\t\t<div class=\"elementor-button-wrapper\">\n\t\t\t<a class=\"elementor-button elementor-button-link elementor-size-sm\" href=\"https:\/\/faisctn2024.com\/fr\/programme\/\">\n\t\t\t\t\t\t<span class=\"elementor-button-content-wrapper\">\n\t\t\t\t\t\t\t\t\t<span class=\"elementor-button-text\">En savoir plus sur le programme<\/span>\n\t\t\t\t\t<\/span>\n\t\t\t\t\t<\/a>\n\t\t<\/div>\n\t\t\t\t<\/div>\n\t\t\t\t<\/div>\n\t\t\t\t<\/div>\n\t\t<div class=\"elementor-element elementor-element-1ea652ed e-con-full e-flex e-con e-child\" data-id=\"1ea652ed\" data-element_type=\"container\">\n\t\t\t\t<div class=\"elementor-element elementor-element-38fce01b elementor-widget elementor-widget-heading\" data-id=\"38fce01b\" data-element_type=\"widget\" data-widget_type=\"heading.default\">\n\t\t\t\t<div class=\"elementor-widget-container\">\n\t\t\t<h2 class=\"elementor-heading-title elementor-size-default\">TH\u00c9MATIQUES<\/h2>\t\t<\/div>\n\t\t\t\t<\/div>\n\t\t\t\t<div class=\"elementor-element elementor-element-6d1ebd1b elementor-align-center elementor-widget elementor-widget-button\" data-id=\"6d1ebd1b\" data-element_type=\"widget\" data-widget_type=\"button.default\">\n\t\t\t\t<div class=\"elementor-widget-container\">\n\t\t\t\t\t<div class=\"elementor-button-wrapper\">\n\t\t\t<a class=\"elementor-button elementor-button-link elementor-size-sm\" href=\"https:\/\/faisctn2024.com\/thematiques\">\n\t\t\t\t\t\t<span class=\"elementor-button-content-wrapper\">\n\t\t\t\t\t\t\t\t\t<span class=\"elementor-button-text\">D\u00e9couvrir les th\u00e9matiques<\/span>\n\t\t\t\t\t<\/span>\n\t\t\t\t\t<\/a>\n\t\t<\/div>\n\t\t\t\t<\/div>\n\t\t\t\t<\/div>\n\t\t\t\t<\/div>\n\t\t\t\t<\/div>\n\t\t\t\t\t<\/div>\n\t\t\t\t<\/div>\n\t\t<div class=\"elementor-element elementor-element-405405f9 e-flex e-con-boxed e-con e-parent\" data-id=\"405405f9\" data-element_type=\"container\">\n\t\t\t\t\t<div class=\"e-con-inner\">\n\t\t<div class=\"elementor-element elementor-element-7b00b01 e-con-full e-flex e-con e-child\" data-id=\"7b00b01\" data-element_type=\"container\">\n\t\t\t\t<div class=\"elementor-element elementor-element-7bdef1a3 elementor-widget elementor-widget-heading\" data-id=\"7bdef1a3\" data-element_type=\"widget\" data-widget_type=\"heading.default\">\n\t\t\t\t<div class=\"elementor-widget-container\">\n\t\t\t<h2 class=\"elementor-heading-title elementor-size-default\">Joindre les acteurs de l'immunologie<\/h2>\t\t<\/div>\n\t\t\t\t<\/div>\n\t\t\t\t<\/div>\n\t\t<div class=\"elementor-element elementor-element-7362c10b e-con-full e-flex e-con e-child\" data-id=\"7362c10b\" data-element_type=\"container\">\n\t\t\t\t<div class=\"elementor-element elementor-element-21b7c632 elementor-align-center elementor-widget elementor-widget-button\" data-id=\"21b7c632\" data-element_type=\"widget\" data-widget_type=\"button.default\">\n\t\t\t\t<div class=\"elementor-widget-container\">\n\t\t\t\t\t<div class=\"elementor-button-wrapper\">\n\t\t\t<a class=\"elementor-button elementor-button-link elementor-size-sm\" href=\"https:\/\/faisctn2024.com\/billetterie\">\n\t\t\t\t\t\t<span class=\"elementor-button-content-wrapper\">\n\t\t\t\t\t\t\t\t\t<span class=\"elementor-button-text\">S'enr\u00e9gistrer<\/span>\n\t\t\t\t\t<\/span>\n\t\t\t\t\t<\/a>\n\t\t<\/div>\n\t\t\t\t<\/div>\n\t\t\t\t<\/div>\n\t\t\t\t<\/div>\n\t\t\t\t\t<\/div>\n\t\t\t\t<\/div>\n\t\t\t\t<\/div>","protected":false},"excerpt":{"rendered":"<p>I am deeply honored to support the advancement of immunology in Africa, a cause that is close to my heart. [&hellip;]<\/p>","protected":false},"author":1,"featured_media":0,"parent":0,"menu_order":0,"comment_status":"closed","ping_status":"closed","template":"","meta":{"om_disable_all_campaigns":false,"_monsterinsights_skip_tracking":false,"_monsterinsights_sitenote_active":false,"_monsterinsights_sitenote_note":"","_monsterinsights_sitenote_category":0,"_uf_show_specific_survey":0,"_uf_disable_surveys":false,"site-sidebar-layout":"no-sidebar","site-content-layout":"","ast-site-content-layout":"full-width-container","site-content-style":"default","site-sidebar-style":"default","ast-global-header-display":"","ast-banner-title-visibility":"","ast-main-header-display":"","ast-hfb-above-header-display":"","ast-hfb-below-header-display":"","ast-hfb-mobile-header-display":"","site-post-title":"disabled","ast-breadcrumbs-content":"","ast-featured-img":"disabled","footer-sml-layout":"","theme-transparent-header-meta":"","adv-header-id-meta":"","stick-header-meta":"","header-above-stick-meta":"","header-main-stick-meta":"","header-below-stick-meta":"","astra-migrate-meta-layouts":"default","ast-page-background-enabled":"default","ast-page-background-meta":{"desktop":{"background-color":"var(--ast-global-color-4)","background-image":"","background-repeat":"repeat","background-position":"center center","background-size":"auto","background-attachment":"scroll","background-type":"","background-media":"","overlay-type":"","overlay-color":"","overlay-opacity":"","overlay-gradient":""},"tablet":{"background-color":"","background-image":"","background-repeat":"repeat","background-position":"center center","background-size":"auto","background-attachment":"scroll","background-type":"","background-media":"","overlay-type":"","overlay-color":"","overlay-opacity":"","overlay-gradient":""},"mobile":{"background-color":"","background-image":"","background-repeat":"repeat","background-position":"center center","background-size":"auto","background-attachment":"scroll","background-type":"","background-media":"","overlay-type":"","overlay-color":"","overlay-opacity":"","overlay-gradient":""}},"ast-content-background-meta":{"desktop":{"background-color":"var(--ast-global-color-5)","background-image":"","background-repeat":"repeat","background-position":"center center","background-size":"auto","background-attachment":"scroll","background-type":"","background-media":"","overlay-type":"","overlay-color":"","overlay-opacity":"","overlay-gradient":""},"tablet":{"background-color":"var(--ast-global-color-5)","background-image":"","background-repeat":"repeat","background-position":"center center","background-size":"auto","background-attachment":"scroll","background-type":"","background-media":"","overlay-type":"","overlay-color":"","overlay-opacity":"","overlay-gradient":""},"mobile":{"background-color":"var(--ast-global-color-5)","background-image":"","background-repeat":"repeat","background-position":"center center","background-size":"auto","background-attachment":"scroll","background-type":"","background-media":"","overlay-type":"","overlay-color":"","overlay-opacity":"","overlay-gradient":""}},"footnotes":""},"class_list":["post-81","page","type-page","status-publish","hentry"],"aioseo_notices":[],"_links":{"self":[{"href":"https:\/\/faisctn2024.com\/fr\/wp-json\/wp\/v2\/pages\/81","targetHints":{"allow":["GET"]}}],"collection":[{"href":"https:\/\/faisctn2024.com\/fr\/wp-json\/wp\/v2\/pages"}],"about":[{"href":"https:\/\/faisctn2024.com\/fr\/wp-json\/wp\/v2\/types\/page"}],"author":[{"embeddable":true,"href":"https:\/\/faisctn2024.com\/fr\/wp-json\/wp\/v2\/users\/1"}],"replies":[{"embeddable":true,"href":"https:\/\/faisctn2024.com\/fr\/wp-json\/wp\/v2\/comments?post=81"}],"version-history":[{"count":9,"href":"https:\/\/faisctn2024.com\/fr\/wp-json\/wp\/v2\/pages\/81\/revisions"}],"predecessor-version":[{"id":2756,"href":"https:\/\/faisctn2024.com\/fr\/wp-json\/wp\/v2\/pages\/81\/revisions\/2756"}],"wp:attachment":[{"href":"https:\/\/faisctn2024.com\/fr\/wp-json\/wp\/v2\/media?parent=81"}],"curies":[{"name":"wp","href":"https:\/\/api.w.org\/{rel}","templated":true}]}}