{"id":1586,"date":"2024-08-08T07:58:29","date_gmt":"2024-08-08T05:58:29","guid":{"rendered":"https:\/\/faisctn2024.com\/?page_id=1586"},"modified":"2024-08-21T14:23:09","modified_gmt":"2024-08-21T12:23:09","slug":"mot-du-president-de-lorganisation","status":"publish","type":"page","link":"https:\/\/faisctn2024.com\/fr\/mot-du-president-de-lorganisation\/","title":{"rendered":"mot du president de l&#8217;organisation"},"content":{"rendered":"<div data-elementor-type=\"wp-page\" data-elementor-id=\"1586\" class=\"elementor elementor-1586\" data-elementor-post-type=\"page\">\n\t\t\t\t<div class=\"elementor-element elementor-element-10437a7 e-flex e-con-boxed e-con e-parent\" data-id=\"10437a7\" data-element_type=\"container\">\n\t\t\t\t\t<div class=\"e-con-inner\">\n\t\t<div class=\"elementor-element elementor-element-8458a51 e-con-full e-flex e-con e-child\" data-id=\"8458a51\" data-element_type=\"container\">\n\t\t\t\t<div class=\"elementor-element elementor-element-15526ec elementor-widget elementor-widget-image\" data-id=\"15526ec\" data-element_type=\"widget\" data-widget_type=\"image.default\">\n\t\t\t\t<div class=\"elementor-widget-container\">\n\t\t\t<style>\/*! elementor - v3.23.0 - 15-07-2024 *\/\n.elementor-widget-image{text-align:center}.elementor-widget-image a{display:inline-block}.elementor-widget-image a img[src$=\".svg\"]{width:48px}.elementor-widget-image img{vertical-align:middle;display:inline-block}<\/style>\t\t\t\t\t\t\t\t\t\t<img fetchpriority=\"high\" decoding=\"async\" width=\"1024\" height=\"819\" src=\"https:\/\/faisctn2024.com\/wp-content\/uploads\/2024\/07\/Pa-Tamb-_Ngom-Headshot-for-12th-FAIS-Congress-website-1024x819.jpg\" class=\"attachment-large size-large wp-image-841\" alt=\"\" srcset=\"https:\/\/faisctn2024.com\/wp-content\/uploads\/2024\/07\/Pa-Tamb-_Ngom-Headshot-for-12th-FAIS-Congress-website-1024x819.jpg 1024w, https:\/\/faisctn2024.com\/wp-content\/uploads\/2024\/07\/Pa-Tamb-_Ngom-Headshot-for-12th-FAIS-Congress-website-600x480.jpg 600w, https:\/\/faisctn2024.com\/wp-content\/uploads\/2024\/07\/Pa-Tamb-_Ngom-Headshot-for-12th-FAIS-Congress-website-300x240.jpg 300w, https:\/\/faisctn2024.com\/wp-content\/uploads\/2024\/07\/Pa-Tamb-_Ngom-Headshot-for-12th-FAIS-Congress-website-768x614.jpg 768w, https:\/\/faisctn2024.com\/wp-content\/uploads\/2024\/07\/Pa-Tamb-_Ngom-Headshot-for-12th-FAIS-Congress-website-1536x1229.jpg 1536w, https:\/\/faisctn2024.com\/wp-content\/uploads\/2024\/07\/Pa-Tamb-_Ngom-Headshot-for-12th-FAIS-Congress-website-2048x1639.jpg 2048w, https:\/\/faisctn2024.com\/wp-content\/uploads\/2024\/07\/Pa-Tamb-_Ngom-Headshot-for-12th-FAIS-Congress-website-15x12.jpg 15w, https:\/\/faisctn2024.com\/wp-content\/uploads\/2024\/07\/Pa-Tamb-_Ngom-Headshot-for-12th-FAIS-Congress-website-200x160.jpg 200w, https:\/\/faisctn2024.com\/wp-content\/uploads\/2024\/07\/Pa-Tamb-_Ngom-Headshot-for-12th-FAIS-Congress-website-1080x864.jpg 1080w, https:\/\/faisctn2024.com\/wp-content\/uploads\/2024\/07\/Pa-Tamb-_Ngom-Headshot-for-12th-FAIS-Congress-website-1280x1024.jpg 1280w, https:\/\/faisctn2024.com\/wp-content\/uploads\/2024\/07\/Pa-Tamb-_Ngom-Headshot-for-12th-FAIS-Congress-website-980x784.jpg 980w, https:\/\/faisctn2024.com\/wp-content\/uploads\/2024\/07\/Pa-Tamb-_Ngom-Headshot-for-12th-FAIS-Congress-website-480x384.jpg 480w\" sizes=\"(max-width: 1024px) 100vw, 1024px\" \/>\t\t\t\t\t\t\t\t\t\t\t\t\t<\/div>\n\t\t\t\t<\/div>\n\t\t\t\t<\/div>\n\t\t<div class=\"elementor-element elementor-element-92f21fc e-con-full e-flex e-con e-child\" data-id=\"92f21fc\" data-element_type=\"container\">\n\t\t\t\t<div class=\"elementor-element elementor-element-d43770e elementor-widget elementor-widget-text-editor\" data-id=\"d43770e\" data-element_type=\"widget\" data-widget_type=\"text-editor.default\">\n\t\t\t\t<div class=\"elementor-widget-container\">\n\t\t\t<style>\/*! elementor - v3.23.0 - 15-07-2024 *\/\n.elementor-widget-text-editor.elementor-drop-cap-view-stacked .elementor-drop-cap{background-color:#69727d;color:#fff}.elementor-widget-text-editor.elementor-drop-cap-view-framed .elementor-drop-cap{color:#69727d;border:3px solid;background-color:transparent}.elementor-widget-text-editor:not(.elementor-drop-cap-view-default) .elementor-drop-cap{margin-top:8px}.elementor-widget-text-editor:not(.elementor-drop-cap-view-default) .elementor-drop-cap-letter{width:1em;height:1em}.elementor-widget-text-editor .elementor-drop-cap{float:left;text-align:center;line-height:1;font-size:50px}.elementor-widget-text-editor .elementor-drop-cap-letter{display:inline-block}<\/style>\t\t\t\t<p>Bienvenue au 12\u00e8me Congr\u00e8s de la FAIS 2024, co-organis\u00e9 par la Soci\u00e9t\u00e9 d'Immunologie de la Gambie (GAMIS) et la Soci\u00e9t\u00e9 B\u00e9ninoise d'Immunologie (BSI) au Palais des Congr\u00e8s de Cotonou, B\u00e9nin, du 10 au 13 d\u00e9cembre 2024. C'est le premier congr\u00e8s en pr\u00e9sentiel de la FAIS depuis la pand\u00e9mie de COVID-19, nous sommes donc particuli\u00e8rement enthousiastes \u00e0 l'id\u00e9e que les coll\u00e8gues pourront interagir de mani\u00e8re plus personnelle dans le m\u00eame espace. Nous avons h\u00e2te de vous voir au B\u00e9nin ! Veuillez consulter le programme sur ce site web, qui sera r\u00e9guli\u00e8rement mis \u00e0 jour pour s'adapter aux changements au fur et \u00e0 mesure de l'avancement de la planification. Pr\u00e9parez d\u00e8s maintenant vos passeports et visas !<\/p>\t\t\t\t\t\t<\/div>\n\t\t\t\t<\/div>\n\t\t\t\t<div class=\"elementor-element elementor-element-a32d4ab elementor-widget elementor-widget-heading\" data-id=\"a32d4ab\" data-element_type=\"widget\" data-widget_type=\"heading.default\">\n\t\t\t\t<div class=\"elementor-widget-container\">\n\t\t\t<style>\/*! elementor - v3.23.0 - 15-07-2024 *\/\n.elementor-heading-title{padding:0;margin:0;line-height:1}.elementor-widget-heading .elementor-heading-title[class*=elementor-size-]>a{color:inherit;font-size:inherit;line-height:inherit}.elementor-widget-heading .elementor-heading-title.elementor-size-small{font-size:15px}.elementor-widget-heading .elementor-heading-title.elementor-size-medium{font-size:19px}.elementor-widget-heading .elementor-heading-title.elementor-size-large{font-size:29px}.elementor-widget-heading .elementor-heading-title.elementor-size-xl{font-size:39px}.elementor-widget-heading .elementor-heading-title.elementor-size-xxl{font-size:59px}<\/style><h2 class=\"elementor-heading-title elementor-size-default\">Pa Tamba Ngom, Pr\u00e9sident de la FAIS<\/h2>\t\t<\/div>\n\t\t\t\t<\/div>\n\t\t\t\t<\/div>\n\t\t\t\t\t<\/div>\n\t\t\t\t<\/div>\n\t\t<div class=\"elementor-element elementor-element-393d4c78 e-flex e-con-boxed e-con e-parent\" data-id=\"393d4c78\" data-element_type=\"container\" data-settings=\"{&quot;background_background&quot;:&quot;classic&quot;}\">\n\t\t\t\t\t<div class=\"e-con-inner\">\n\t\t<div class=\"elementor-element elementor-element-3aa2d534 e-con-full e-flex e-con e-child\" data-id=\"3aa2d534\" data-element_type=\"container\">\n\t\t<div class=\"elementor-element elementor-element-df470fd e-con-full e-flex e-con e-child\" data-id=\"df470fd\" data-element_type=\"container\">\n\t\t\t\t<div class=\"elementor-element elementor-element-71327c9f elementor-widget elementor-widget-heading\" data-id=\"71327c9f\" data-element_type=\"widget\" data-widget_type=\"heading.default\">\n\t\t\t\t<div class=\"elementor-widget-container\">\n\t\t\t<h2 class=\"elementor-heading-title elementor-size-default\">PROGRAMME<\/h2>\t\t<\/div>\n\t\t\t\t<\/div>\n\t\t\t\t<div class=\"elementor-element elementor-element-f8b8893 elementor-align-center elementor-widget elementor-widget-button\" data-id=\"f8b8893\" data-element_type=\"widget\" data-widget_type=\"button.default\">\n\t\t\t\t<div class=\"elementor-widget-container\">\n\t\t\t\t\t<div class=\"elementor-button-wrapper\">\n\t\t\t<a class=\"elementor-button elementor-button-link elementor-size-sm\" href=\"https:\/\/faisctn2024.com\/fr\/programme\/\">\n\t\t\t\t\t\t<span class=\"elementor-button-content-wrapper\">\n\t\t\t\t\t\t\t\t\t<span class=\"elementor-button-text\">D\u00e9couvrir le programme<\/span>\n\t\t\t\t\t<\/span>\n\t\t\t\t\t<\/a>\n\t\t<\/div>\n\t\t\t\t<\/div>\n\t\t\t\t<\/div>\n\t\t\t\t<\/div>\n\t\t<div class=\"elementor-element elementor-element-3487e5d3 e-con-full e-flex e-con e-child\" data-id=\"3487e5d3\" data-element_type=\"container\">\n\t\t\t\t<div class=\"elementor-element elementor-element-412bb725 elementor-widget elementor-widget-heading\" data-id=\"412bb725\" data-element_type=\"widget\" data-widget_type=\"heading.default\">\n\t\t\t\t<div class=\"elementor-widget-container\">\n\t\t\t<h2 class=\"elementor-heading-title elementor-size-default\">TH\u00c9MATIQUES<\/h2>\t\t<\/div>\n\t\t\t\t<\/div>\n\t\t\t\t<div class=\"elementor-element elementor-element-4fa2b44a elementor-align-center elementor-widget elementor-widget-button\" data-id=\"4fa2b44a\" data-element_type=\"widget\" data-widget_type=\"button.default\">\n\t\t\t\t<div class=\"elementor-widget-container\">\n\t\t\t\t\t<div class=\"elementor-button-wrapper\">\n\t\t\t<a class=\"elementor-button elementor-button-link elementor-size-sm\" href=\"https:\/\/faisctn2024.com\/thematiques\">\n\t\t\t\t\t\t<span class=\"elementor-button-content-wrapper\">\n\t\t\t\t\t\t\t\t\t<span class=\"elementor-button-text\">D\u00e9couvrir les th\u00e9matiques<\/span>\n\t\t\t\t\t<\/span>\n\t\t\t\t\t<\/a>\n\t\t<\/div>\n\t\t\t\t<\/div>\n\t\t\t\t<\/div>\n\t\t\t\t<\/div>\n\t\t\t\t<\/div>\n\t\t\t\t\t<\/div>\n\t\t\t\t<\/div>\n\t\t<div class=\"elementor-element elementor-element-745579e7 e-flex e-con-boxed e-con e-parent\" data-id=\"745579e7\" data-element_type=\"container\">\n\t\t\t\t\t<div class=\"e-con-inner\">\n\t\t<div class=\"elementor-element elementor-element-7b633c3d e-con-full e-flex e-con e-child\" data-id=\"7b633c3d\" data-element_type=\"container\">\n\t\t\t\t<div class=\"elementor-element elementor-element-61c2066a elementor-widget elementor-widget-heading\" data-id=\"61c2066a\" data-element_type=\"widget\" data-widget_type=\"heading.default\">\n\t\t\t\t<div class=\"elementor-widget-container\">\n\t\t\t<h2 class=\"elementor-heading-title elementor-size-default\">Joindre les acteurs de l'immunologie<\/h2>\t\t<\/div>\n\t\t\t\t<\/div>\n\t\t\t\t<\/div>\n\t\t<div class=\"elementor-element elementor-element-4d07576b e-con-full e-flex e-con e-child\" data-id=\"4d07576b\" data-element_type=\"container\">\n\t\t\t\t<div class=\"elementor-element elementor-element-4963e30b elementor-align-center elementor-widget elementor-widget-button\" data-id=\"4963e30b\" data-element_type=\"widget\" data-widget_type=\"button.default\">\n\t\t\t\t<div class=\"elementor-widget-container\">\n\t\t\t\t\t<div class=\"elementor-button-wrapper\">\n\t\t\t<a class=\"elementor-button elementor-button-link elementor-size-sm\" href=\"https:\/\/faisctn2024.com\/billetterie\">\n\t\t\t\t\t\t<span class=\"elementor-button-content-wrapper\">\n\t\t\t\t\t\t\t\t\t<span class=\"elementor-button-text\">S'enr\u00e9gistrer<\/span>\n\t\t\t\t\t<\/span>\n\t\t\t\t\t<\/a>\n\t\t<\/div>\n\t\t\t\t<\/div>\n\t\t\t\t<\/div>\n\t\t\t\t<\/div>\n\t\t\t\t\t<\/div>\n\t\t\t\t<\/div>\n\t\t\t\t<\/div>","protected":false},"excerpt":{"rendered":"<p>Welcome to the 12th FAIS Congress 2024, co-hosted by The Gambia Society of Immunology (GAMIS) and the Benin Society of [&hellip;]<\/p>","protected":false},"author":1,"featured_media":0,"parent":0,"menu_order":0,"comment_status":"closed","ping_status":"closed","template":"","meta":{"om_disable_all_campaigns":false,"_monsterinsights_skip_tracking":false,"_monsterinsights_sitenote_active":false,"_monsterinsights_sitenote_note":"","_monsterinsights_sitenote_category":0,"_uf_show_specific_survey":0,"_uf_disable_surveys":false,"site-sidebar-layout":"default","site-content-layout":"","ast-site-content-layout":"","site-content-style":"default","site-sidebar-style":"default","ast-global-header-display":"","ast-banner-title-visibility":"","ast-main-header-display":"","ast-hfb-above-header-display":"","ast-hfb-below-header-display":"","ast-hfb-mobile-header-display":"","site-post-title":"","ast-breadcrumbs-content":"","ast-featured-img":"","footer-sml-layout":"","theme-transparent-header-meta":"","adv-header-id-meta":"","stick-header-meta":"","header-above-stick-meta":"","header-main-stick-meta":"","header-below-stick-meta":"","astra-migrate-meta-layouts":"default","ast-page-background-enabled":"default","ast-page-background-meta":{"desktop":{"background-color":"var(--ast-global-color-4)","background-image":"","background-repeat":"repeat","background-position":"center center","background-size":"auto","background-attachment":"scroll","background-type":"","background-media":"","overlay-type":"","overlay-color":"","overlay-opacity":"","overlay-gradient":""},"tablet":{"background-color":"","background-image":"","background-repeat":"repeat","background-position":"center center","background-size":"auto","background-attachment":"scroll","background-type":"","background-media":"","overlay-type":"","overlay-color":"","overlay-opacity":"","overlay-gradient":""},"mobile":{"background-color":"","background-image":"","background-repeat":"repeat","background-position":"center center","background-size":"auto","background-attachment":"scroll","background-type":"","background-media":"","overlay-type":"","overlay-color":"","overlay-opacity":"","overlay-gradient":""}},"ast-content-background-meta":{"desktop":{"background-color":"var(--ast-global-color-5)","background-image":"","background-repeat":"repeat","background-position":"center center","background-size":"auto","background-attachment":"scroll","background-type":"","background-media":"","overlay-type":"","overlay-color":"","overlay-opacity":"","overlay-gradient":""},"tablet":{"background-color":"var(--ast-global-color-5)","background-image":"","background-repeat":"repeat","background-position":"center center","background-size":"auto","background-attachment":"scroll","background-type":"","background-media":"","overlay-type":"","overlay-color":"","overlay-opacity":"","overlay-gradient":""},"mobile":{"background-color":"var(--ast-global-color-5)","background-image":"","background-repeat":"repeat","background-position":"center center","background-size":"auto","background-attachment":"scroll","background-type":"","background-media":"","overlay-type":"","overlay-color":"","overlay-opacity":"","overlay-gradient":""}},"footnotes":""},"class_list":["post-1586","page","type-page","status-publish","hentry"],"aioseo_notices":[],"_links":{"self":[{"href":"https:\/\/faisctn2024.com\/fr\/wp-json\/wp\/v2\/pages\/1586","targetHints":{"allow":["GET"]}}],"collection":[{"href":"https:\/\/faisctn2024.com\/fr\/wp-json\/wp\/v2\/pages"}],"about":[{"href":"https:\/\/faisctn2024.com\/fr\/wp-json\/wp\/v2\/types\/page"}],"author":[{"embeddable":true,"href":"https:\/\/faisctn2024.com\/fr\/wp-json\/wp\/v2\/users\/1"}],"replies":[{"embeddable":true,"href":"https:\/\/faisctn2024.com\/fr\/wp-json\/wp\/v2\/comments?post=1586"}],"version-history":[{"count":29,"href":"https:\/\/faisctn2024.com\/fr\/wp-json\/wp\/v2\/pages\/1586\/revisions"}],"predecessor-version":[{"id":2574,"href":"https:\/\/faisctn2024.com\/fr\/wp-json\/wp\/v2\/pages\/1586\/revisions\/2574"}],"wp:attachment":[{"href":"https:\/\/faisctn2024.com\/fr\/wp-json\/wp\/v2\/media?parent=1586"}],"curies":[{"name":"wp","href":"https:\/\/api.w.org\/{rel}","templated":true}]}}