{"id":1498,"date":"2024-08-08T06:45:51","date_gmt":"2024-08-08T04:45:51","guid":{"rendered":"https:\/\/faisctn2024.com\/?page_id=1498"},"modified":"2024-08-21T14:22:25","modified_gmt":"2024-08-21T12:22:25","slug":"a-propos-de-limmunologie","status":"publish","type":"page","link":"https:\/\/faisctn2024.com\/fr\/a-propos-de-limmunologie\/","title":{"rendered":"a propos de l&#8217;immunologie"},"content":{"rendered":"<div data-elementor-type=\"wp-page\" data-elementor-id=\"1498\" class=\"elementor elementor-1498\" data-elementor-post-type=\"page\">\n\t\t\t\t<div class=\"elementor-element elementor-element-43a4408 e-flex e-con-boxed e-con e-parent\" data-id=\"43a4408\" data-element_type=\"container\" data-settings=\"{&quot;background_background&quot;:&quot;classic&quot;}\">\n\t\t\t\t\t<div class=\"e-con-inner\">\n\t\t<div class=\"elementor-element elementor-element-c47fdca e-con-full e-flex elementor-invisible e-con e-child\" data-id=\"c47fdca\" data-element_type=\"container\" data-settings=\"{&quot;animation&quot;:&quot;slideInLeft&quot;}\">\n\t\t<div class=\"elementor-element elementor-element-3143063 e-con-full e-flex e-con e-child\" data-id=\"3143063\" data-element_type=\"container\">\n\t\t\t\t<div class=\"elementor-element elementor-element-dfc68c0 elementor-widget elementor-widget-heading\" data-id=\"dfc68c0\" data-element_type=\"widget\" data-widget_type=\"heading.default\">\n\t\t\t\t<div class=\"elementor-widget-container\">\n\t\t\t<style>\/*! elementor - v3.23.0 - 15-07-2024 *\/\n.elementor-heading-title{padding:0;margin:0;line-height:1}.elementor-widget-heading .elementor-heading-title[class*=elementor-size-]>a{color:inherit;font-size:inherit;line-height:inherit}.elementor-widget-heading .elementor-heading-title.elementor-size-small{font-size:15px}.elementor-widget-heading .elementor-heading-title.elementor-size-medium{font-size:19px}.elementor-widget-heading .elementor-heading-title.elementor-size-large{font-size:29px}.elementor-widget-heading .elementor-heading-title.elementor-size-xl{font-size:39px}.elementor-widget-heading .elementor-heading-title.elementor-size-xxl{font-size:59px}<\/style><h2 class=\"elementor-heading-title elementor-size-default\">Rester au parfum des nouvelles sur les recherches en immunologie<\/h2>\t\t<\/div>\n\t\t\t\t<\/div>\n\t\t\t\t<div class=\"elementor-element elementor-element-0a060f6 elementor-widget elementor-widget-text-editor\" data-id=\"0a060f6\" data-element_type=\"widget\" data-widget_type=\"text-editor.default\">\n\t\t\t\t<div class=\"elementor-widget-container\">\n\t\t\t<style>\/*! elementor - v3.23.0 - 15-07-2024 *\/\n.elementor-widget-text-editor.elementor-drop-cap-view-stacked .elementor-drop-cap{background-color:#69727d;color:#fff}.elementor-widget-text-editor.elementor-drop-cap-view-framed .elementor-drop-cap{color:#69727d;border:3px solid;background-color:transparent}.elementor-widget-text-editor:not(.elementor-drop-cap-view-default) .elementor-drop-cap{margin-top:8px}.elementor-widget-text-editor:not(.elementor-drop-cap-view-default) .elementor-drop-cap-letter{width:1em;height:1em}.elementor-widget-text-editor .elementor-drop-cap{float:left;text-align:center;line-height:1;font-size:50px}.elementor-widget-text-editor .elementor-drop-cap-letter{display:inline-block}<\/style>\t\t\t\t<p><em>FAIS-2024 aura lieu du 10 au 13 d\u00e9cembre 2024 au palais des congr\u00e8s de Cotonou<\/em><\/p>\t\t\t\t\t\t<\/div>\n\t\t\t\t<\/div>\n\t\t\t\t<\/div>\n\t\t\t\t<\/div>\n\t\t<div class=\"elementor-element elementor-element-67c53c2 e-con-full e-flex elementor-invisible e-con e-child\" data-id=\"67c53c2\" data-element_type=\"container\" data-settings=\"{&quot;animation&quot;:&quot;slideInRight&quot;}\">\n\t\t\t\t<div class=\"elementor-element elementor-element-1bc121d elementor-widget elementor-widget-video\" data-id=\"1bc121d\" data-element_type=\"widget\" data-settings=\"{&quot;video_type&quot;:&quot;hosted&quot;,&quot;controls&quot;:&quot;yes&quot;}\" data-widget_type=\"video.default\">\n\t\t\t\t<div class=\"elementor-widget-container\">\n\t\t\t<style>\/*! elementor - v3.23.0 - 15-07-2024 *\/\n.elementor-widget-video .elementor-widget-container{overflow:hidden;transform:translateZ(0)}.elementor-widget-video .elementor-wrapper{aspect-ratio:var(--video-aspect-ratio)}.elementor-widget-video .elementor-wrapper iframe,.elementor-widget-video .elementor-wrapper video{height:100%;width:100%;display:flex;border:none;background-color:#000}@supports not (aspect-ratio:1\/1){.elementor-widget-video .elementor-wrapper{position:relative;overflow:hidden;height:0;padding-bottom:calc(100% \/ var(--video-aspect-ratio))}.elementor-widget-video .elementor-wrapper iframe,.elementor-widget-video .elementor-wrapper video{position:absolute;top:0;right:0;bottom:0;left:0}}.elementor-widget-video .elementor-open-inline .elementor-custom-embed-image-overlay{position:absolute;top:0;right:0;bottom:0;left:0;background-size:cover;background-position:50%}.elementor-widget-video .elementor-custom-embed-image-overlay{cursor:pointer;text-align:center}.elementor-widget-video .elementor-custom-embed-image-overlay:hover .elementor-custom-embed-play i{opacity:1}.elementor-widget-video .elementor-custom-embed-image-overlay img{display:block;width:100%;aspect-ratio:var(--video-aspect-ratio);-o-object-fit:cover;object-fit:cover;-o-object-position:center center;object-position:center center}@supports not (aspect-ratio:1\/1){.elementor-widget-video .elementor-custom-embed-image-overlay{position:relative;overflow:hidden;height:0;padding-bottom:calc(100% \/ var(--video-aspect-ratio))}.elementor-widget-video .elementor-custom-embed-image-overlay img{position:absolute;top:0;right:0;bottom:0;left:0}}.elementor-widget-video .e-hosted-video .elementor-video{-o-object-fit:cover;object-fit:cover}.e-con-inner>.elementor-widget-video,.e-con>.elementor-widget-video{width:var(--container-widget-width);--flex-grow:var(--container-widget-flex-grow)}<\/style>\t\t<div class=\"e-hosted-video elementor-wrapper elementor-open-inline\">\n\t\t\t\t\t<video class=\"elementor-video\" src=\"https:\/\/faisctn2024.com\/wp-content\/uploads\/2024\/07\/Capsule_FAIS-2024-1.webm\" controls=\"\" preload=\"metadata\" controlslist=\"nodownload\"><\/video>\n\t\t\t\t<\/div>\n\t\t\t\t<\/div>\n\t\t\t\t<\/div>\n\t\t\t\t<\/div>\n\t\t\t\t\t<\/div>\n\t\t\t\t<\/div>\n\t\t<div class=\"elementor-element elementor-element-e479d2b e-flex e-con-boxed e-con e-parent\" data-id=\"e479d2b\" data-element_type=\"container\">\n\t\t\t\t\t<div class=\"e-con-inner\">\n\t\t<div class=\"elementor-element elementor-element-87a2b3e e-con-full e-flex e-con e-child\" data-id=\"87a2b3e\" data-element_type=\"container\">\n\t\t<div class=\"elementor-element elementor-element-4576fdd e-con-full e-flex e-con e-child\" data-id=\"4576fdd\" data-element_type=\"container\">\n\t\t\t\t<div class=\"elementor-element elementor-element-e06f306 elementor-widget elementor-widget-heading\" data-id=\"e06f306\" data-element_type=\"widget\" data-widget_type=\"heading.default\">\n\t\t\t\t<div class=\"elementor-widget-container\">\n\t\t\t<h2 class=\"elementor-heading-title elementor-size-default\">\u00c0 propos de l'immunologie<\/h2>\t\t<\/div>\n\t\t\t\t<\/div>\n\t\t\t\t<\/div>\n\t\t\t\t<\/div>\n\t\t<div class=\"elementor-element elementor-element-1cbc84f e-con-full e-flex e-con e-child\" data-id=\"1cbc84f\" data-element_type=\"container\">\n\t\t<div class=\"elementor-element elementor-element-6d2661e e-con-full e-flex e-con e-child\" data-id=\"6d2661e\" data-element_type=\"container\">\n\t\t\t\t<div class=\"elementor-element elementor-element-9f949c6 elementor-widget elementor-widget-text-editor\" data-id=\"9f949c6\" data-element_type=\"widget\" data-widget_type=\"text-editor.default\">\n\t\t\t\t<div class=\"elementor-widget-container\">\n\t\t\t\t\t\t\t<p class=\"p1\"><strong>L'Immunologie<\/strong>\u00a0L'immunologie est une branche fondamentale de la biologie et des sciences m\u00e9dicales qui \u00e9tudie le syst\u00e8me immunitaire, son fonctionnement, ses dysfonctionnements et ses interactions avec les agents pathog\u00e8nes. Ce domaine de recherche est crucial pour comprendre comment notre corps se d\u00e9fend contre les infections et les maladies, ainsi que pour d\u00e9velopper de nouveaux traitements et vaccins. Le syst\u00e8me immunitaire est un r\u00e9seau complexe de cellules, de tissus et d'organes qui travaillent ensemble pour prot\u00e9ger le corps contre les bact\u00e9ries, les virus, les champignons et les parasites. Il joue \u00e9galement un r\u00f4le vital dans l'identification et la destruction des cellules anormales, y compris les cellules canc\u00e9reuses, et dans le maintien de l'hom\u00e9ostasie globale du corps.<\/p><p class=\"p1\">Les recherches r\u00e9centes en immunologie ont conduit \u00e0 des d\u00e9couvertes r\u00e9volutionnaires et \u00e0 de nouvelles th\u00e9rapies. Les avanc\u00e9es dans la compr\u00e9hension des points de contr\u00f4le immunitaires ont transform\u00e9 le traitement du cancer, avec le d\u00e9veloppement de m\u00e9dicaments qui am\u00e9liorent consid\u00e9rablement les taux de survie dans plusieurs cancers. De plus, la pand\u00e9mie de COVID-19 a mis en \u00e9vidence le r\u00f4le crucial de l'immunologie dans le d\u00e9veloppement de vaccins efficaces et de strat\u00e9gies th\u00e9rapeutiques pour combattre les infections virales.<\/p><p class=\"p1\">Comprendre l'immunologie est essentiel pour d\u00e9velopper de nouveaux traitements, am\u00e9liorer les r\u00e9sultats des transplantations et g\u00e9rer les troubles immunologiques. Elle joue \u00e9galement un r\u00f4le critique en sant\u00e9 publique, car un syst\u00e8me immunitaire robuste est vital pour prot\u00e9ger les populations contre les maladies infectieuses \u00e9mergentes et les pand\u00e9mies. L'immunologie est un domaine dynamique et en \u00e9volution, avec des recherches continues d\u00e9voilant de nouvelles perspectives sur le fonctionnement du syst\u00e8me immunitaire et comment il peut \u00eatre exploit\u00e9 pour am\u00e9liorer la sant\u00e9 humaine. Que ce soit par le d\u00e9veloppement de nouveaux vaccins, de th\u00e9rapies pour les maladies auto-immunes ou de traitements innovants contre le cancer, l'immunologie reste \u00e0 la pointe de la science m\u00e9dicale et de la sant\u00e9 humaine.<\/p>\t\t\t\t\t\t<\/div>\n\t\t\t\t<\/div>\n\t\t\t\t<\/div>\n\t\t\t\t<\/div>\n\t\t\t\t\t<\/div>\n\t\t\t\t<\/div>\n\t\t<div class=\"elementor-element elementor-element-93dc659 e-flex e-con-boxed e-con e-parent\" data-id=\"93dc659\" data-element_type=\"container\" data-settings=\"{&quot;background_background&quot;:&quot;classic&quot;}\">\n\t\t\t\t\t<div class=\"e-con-inner\">\n\t\t<div class=\"elementor-element elementor-element-3d47ffc e-con-full e-flex e-con e-child\" data-id=\"3d47ffc\" data-element_type=\"container\">\n\t\t<div class=\"elementor-element elementor-element-38bcf10a e-con-full e-flex e-con e-child\" data-id=\"38bcf10a\" data-element_type=\"container\">\n\t\t\t\t<div class=\"elementor-element elementor-element-2babf8bb elementor-widget elementor-widget-heading\" data-id=\"2babf8bb\" data-element_type=\"widget\" data-widget_type=\"heading.default\">\n\t\t\t\t<div class=\"elementor-widget-container\">\n\t\t\t<h2 class=\"elementor-heading-title elementor-size-default\">PROGRAMME<\/h2>\t\t<\/div>\n\t\t\t\t<\/div>\n\t\t\t\t<div class=\"elementor-element elementor-element-7a87567 elementor-align-center elementor-widget elementor-widget-button\" data-id=\"7a87567\" data-element_type=\"widget\" data-widget_type=\"button.default\">\n\t\t\t\t<div class=\"elementor-widget-container\">\n\t\t\t\t\t<div class=\"elementor-button-wrapper\">\n\t\t\t<a class=\"elementor-button elementor-button-link elementor-size-sm\" href=\"https:\/\/faisctn2024.com\/fr\/programme\/\">\n\t\t\t\t\t\t<span class=\"elementor-button-content-wrapper\">\n\t\t\t\t\t\t\t\t\t<span class=\"elementor-button-text\">D\u00e9couvrir le programme<\/span>\n\t\t\t\t\t<\/span>\n\t\t\t\t\t<\/a>\n\t\t<\/div>\n\t\t\t\t<\/div>\n\t\t\t\t<\/div>\n\t\t\t\t<\/div>\n\t\t<div class=\"elementor-element elementor-element-449ca3ff e-con-full e-flex e-con e-child\" data-id=\"449ca3ff\" data-element_type=\"container\">\n\t\t\t\t<div class=\"elementor-element elementor-element-6b7fcd03 elementor-widget elementor-widget-heading\" data-id=\"6b7fcd03\" data-element_type=\"widget\" data-widget_type=\"heading.default\">\n\t\t\t\t<div class=\"elementor-widget-container\">\n\t\t\t<h2 class=\"elementor-heading-title elementor-size-default\">TH\u00c9MATIQUES<\/h2>\t\t<\/div>\n\t\t\t\t<\/div>\n\t\t\t\t<div class=\"elementor-element elementor-element-39dc4fdb elementor-align-center elementor-widget elementor-widget-button\" data-id=\"39dc4fdb\" data-element_type=\"widget\" data-widget_type=\"button.default\">\n\t\t\t\t<div class=\"elementor-widget-container\">\n\t\t\t\t\t<div class=\"elementor-button-wrapper\">\n\t\t\t<a class=\"elementor-button elementor-button-link elementor-size-sm\" href=\"https:\/\/faisctn2024.com\/thematiques\">\n\t\t\t\t\t\t<span class=\"elementor-button-content-wrapper\">\n\t\t\t\t\t\t\t\t\t<span class=\"elementor-button-text\">D\u00e9couvrir les th\u00e9matiques<\/span>\n\t\t\t\t\t<\/span>\n\t\t\t\t\t<\/a>\n\t\t<\/div>\n\t\t\t\t<\/div>\n\t\t\t\t<\/div>\n\t\t\t\t<\/div>\n\t\t\t\t<\/div>\n\t\t\t\t\t<\/div>\n\t\t\t\t<\/div>\n\t\t<div class=\"elementor-element elementor-element-17d5d53b e-flex e-con-boxed e-con e-parent\" data-id=\"17d5d53b\" data-element_type=\"container\">\n\t\t\t\t\t<div class=\"e-con-inner\">\n\t\t<div class=\"elementor-element elementor-element-3e5e438f e-con-full e-flex e-con e-child\" data-id=\"3e5e438f\" data-element_type=\"container\">\n\t\t\t\t<div class=\"elementor-element elementor-element-5bb84d0b elementor-widget elementor-widget-heading\" data-id=\"5bb84d0b\" data-element_type=\"widget\" data-widget_type=\"heading.default\">\n\t\t\t\t<div class=\"elementor-widget-container\">\n\t\t\t<h2 class=\"elementor-heading-title elementor-size-default\">Joindre les acteurs de l'immunologie<\/h2>\t\t<\/div>\n\t\t\t\t<\/div>\n\t\t\t\t<\/div>\n\t\t<div class=\"elementor-element elementor-element-128d9830 e-con-full e-flex e-con e-child\" data-id=\"128d9830\" data-element_type=\"container\">\n\t\t\t\t<div class=\"elementor-element elementor-element-ac560ef elementor-align-center elementor-widget elementor-widget-button\" data-id=\"ac560ef\" data-element_type=\"widget\" data-widget_type=\"button.default\">\n\t\t\t\t<div class=\"elementor-widget-container\">\n\t\t\t\t\t<div class=\"elementor-button-wrapper\">\n\t\t\t<a class=\"elementor-button elementor-button-link elementor-size-sm\" href=\"https:\/\/faisctn2024.com\/billetterie\">\n\t\t\t\t\t\t<span class=\"elementor-button-content-wrapper\">\n\t\t\t\t\t\t\t\t\t<span class=\"elementor-button-text\">S'enr\u00e9gistrer<\/span>\n\t\t\t\t\t<\/span>\n\t\t\t\t\t<\/a>\n\t\t<\/div>\n\t\t\t\t<\/div>\n\t\t\t\t<\/div>\n\t\t\t\t<\/div>\n\t\t\t\t\t<\/div>\n\t\t\t\t<\/div>\n\t\t\t\t<\/div>","protected":false},"excerpt":{"rendered":"<p>Stay on top of immunology research news FAIS-2024 will take place from december 10-13, 2024 at Palais des congr\u00e8s. https:\/\/faisctn2024.com\/wp-content\/uploads\/2024\/07\/Capsule_FAIS-2024-1.webm [&hellip;]<\/p>","protected":false},"author":1,"featured_media":0,"parent":0,"menu_order":0,"comment_status":"closed","ping_status":"closed","template":"","meta":{"om_disable_all_campaigns":false,"_monsterinsights_skip_tracking":false,"_monsterinsights_sitenote_active":false,"_monsterinsights_sitenote_note":"","_monsterinsights_sitenote_category":0,"_uf_show_specific_survey":0,"_uf_disable_surveys":false,"site-sidebar-layout":"default","site-content-layout":"","ast-site-content-layout":"","site-content-style":"default","site-sidebar-style":"default","ast-global-header-display":"","ast-banner-title-visibility":"","ast-main-header-display":"","ast-hfb-above-header-display":"","ast-hfb-below-header-display":"","ast-hfb-mobile-header-display":"","site-post-title":"","ast-breadcrumbs-content":"","ast-featured-img":"","footer-sml-layout":"","theme-transparent-header-meta":"","adv-header-id-meta":"","stick-header-meta":"","header-above-stick-meta":"","header-main-stick-meta":"","header-below-stick-meta":"","astra-migrate-meta-layouts":"default","ast-page-background-enabled":"default","ast-page-background-meta":{"desktop":{"background-color":"var(--ast-global-color-4)","background-image":"","background-repeat":"repeat","background-position":"center center","background-size":"auto","background-attachment":"scroll","background-type":"","background-media":"","overlay-type":"","overlay-color":"","overlay-opacity":"","overlay-gradient":""},"tablet":{"background-color":"","background-image":"","background-repeat":"repeat","background-position":"center center","background-size":"auto","background-attachment":"scroll","background-type":"","background-media":"","overlay-type":"","overlay-color":"","overlay-opacity":"","overlay-gradient":""},"mobile":{"background-color":"","background-image":"","background-repeat":"repeat","background-position":"center center","background-size":"auto","background-attachment":"scroll","background-type":"","background-media":"","overlay-type":"","overlay-color":"","overlay-opacity":"","overlay-gradient":""}},"ast-content-background-meta":{"desktop":{"background-color":"var(--ast-global-color-5)","background-image":"","background-repeat":"repeat","background-position":"center center","background-size":"auto","background-attachment":"scroll","background-type":"","background-media":"","overlay-type":"","overlay-color":"","overlay-opacity":"","overlay-gradient":""},"tablet":{"background-color":"var(--ast-global-color-5)","background-image":"","background-repeat":"repeat","background-position":"center center","background-size":"auto","background-attachment":"scroll","background-type":"","background-media":"","overlay-type":"","overlay-color":"","overlay-opacity":"","overlay-gradient":""},"mobile":{"background-color":"var(--ast-global-color-5)","background-image":"","background-repeat":"repeat","background-position":"center center","background-size":"auto","background-attachment":"scroll","background-type":"","background-media":"","overlay-type":"","overlay-color":"","overlay-opacity":"","overlay-gradient":""}},"footnotes":""},"class_list":["post-1498","page","type-page","status-publish","hentry"],"aioseo_notices":[],"_links":{"self":[{"href":"https:\/\/faisctn2024.com\/fr\/wp-json\/wp\/v2\/pages\/1498","targetHints":{"allow":["GET"]}}],"collection":[{"href":"https:\/\/faisctn2024.com\/fr\/wp-json\/wp\/v2\/pages"}],"about":[{"href":"https:\/\/faisctn2024.com\/fr\/wp-json\/wp\/v2\/types\/page"}],"author":[{"embeddable":true,"href":"https:\/\/faisctn2024.com\/fr\/wp-json\/wp\/v2\/users\/1"}],"replies":[{"embeddable":true,"href":"https:\/\/faisctn2024.com\/fr\/wp-json\/wp\/v2\/comments?post=1498"}],"version-history":[{"count":42,"href":"https:\/\/faisctn2024.com\/fr\/wp-json\/wp\/v2\/pages\/1498\/revisions"}],"predecessor-version":[{"id":2565,"href":"https:\/\/faisctn2024.com\/fr\/wp-json\/wp\/v2\/pages\/1498\/revisions\/2565"}],"wp:attachment":[{"href":"https:\/\/faisctn2024.com\/fr\/wp-json\/wp\/v2\/media?parent=1498"}],"curies":[{"name":"wp","href":"https:\/\/api.w.org\/{rel}","templated":true}]}}