{"id":1413,"date":"2024-08-08T00:28:21","date_gmt":"2024-08-07T22:28:21","guid":{"rendered":"https:\/\/faisctn2024.com\/?page_id=1413"},"modified":"2024-08-21T14:24:29","modified_gmt":"2024-08-21T12:24:29","slug":"thematiques","status":"publish","type":"page","link":"https:\/\/faisctn2024.com\/fr\/thematiques\/","title":{"rendered":"thematiques"},"content":{"rendered":"<div data-elementor-type=\"wp-page\" data-elementor-id=\"1413\" class=\"elementor elementor-1413\" data-elementor-post-type=\"page\">\n\t\t\t\t<div class=\"elementor-element elementor-element-7732eff e-flex e-con-boxed e-con e-parent\" data-id=\"7732eff\" data-element_type=\"container\" data-settings=\"{&quot;background_background&quot;:&quot;slideshow&quot;,&quot;background_slideshow_gallery&quot;:[{&quot;id&quot;:634,&quot;url&quot;:&quot;https:\\\/\\\/faisctn2024.com\\\/wp-content\\\/uploads\\\/2024\\\/07\\\/blood-20745_1920.jpg&quot;}],&quot;background_slideshow_loop&quot;:&quot;yes&quot;,&quot;background_slideshow_slide_duration&quot;:5000,&quot;background_slideshow_slide_transition&quot;:&quot;fade&quot;,&quot;background_slideshow_transition_duration&quot;:500}\">\n\t\t\t\t\t<div class=\"e-con-inner\">\n\t\t<div class=\"elementor-element elementor-element-a3d4ce7 e-con-full e-flex e-con e-child\" data-id=\"a3d4ce7\" data-element_type=\"container\">\n\t\t\t\t<div class=\"elementor-element elementor-element-5cda363 elementor-widget elementor-widget-heading\" data-id=\"5cda363\" data-element_type=\"widget\" data-widget_type=\"heading.default\">\n\t\t\t\t<div class=\"elementor-widget-container\">\n\t\t\t<style>\/*! elementor - v3.23.0 - 15-07-2024 *\/\n.elementor-heading-title{padding:0;margin:0;line-height:1}.elementor-widget-heading .elementor-heading-title[class*=elementor-size-]>a{color:inherit;font-size:inherit;line-height:inherit}.elementor-widget-heading .elementor-heading-title.elementor-size-small{font-size:15px}.elementor-widget-heading .elementor-heading-title.elementor-size-medium{font-size:19px}.elementor-widget-heading .elementor-heading-title.elementor-size-large{font-size:29px}.elementor-widget-heading .elementor-heading-title.elementor-size-xl{font-size:39px}.elementor-widget-heading .elementor-heading-title.elementor-size-xxl{font-size:59px}<\/style><h2 class=\"elementor-heading-title elementor-size-default\">IMMUNOLOGIE<\/h2>\t\t<\/div>\n\t\t\t\t<\/div>\n\t\t\t\t<div class=\"elementor-element elementor-element-c3def48 elementor-widget__width-initial elementor-widget elementor-widget-text-editor\" data-id=\"c3def48\" data-element_type=\"widget\" data-widget_type=\"text-editor.default\">\n\t\t\t\t<div class=\"elementor-widget-container\">\n\t\t\t<style>\/*! elementor - v3.23.0 - 15-07-2024 *\/\n.elementor-widget-text-editor.elementor-drop-cap-view-stacked .elementor-drop-cap{background-color:#69727d;color:#fff}.elementor-widget-text-editor.elementor-drop-cap-view-framed .elementor-drop-cap{color:#69727d;border:3px solid;background-color:transparent}.elementor-widget-text-editor:not(.elementor-drop-cap-view-default) .elementor-drop-cap{margin-top:8px}.elementor-widget-text-editor:not(.elementor-drop-cap-view-default) .elementor-drop-cap-letter{width:1em;height:1em}.elementor-widget-text-editor .elementor-drop-cap{float:left;text-align:center;line-height:1;font-size:50px}.elementor-widget-text-editor .elementor-drop-cap-letter{display:inline-block}<\/style>\t\t\t\t<p><strong>FAIS-2924 rassemble les immunologistes d'Afrique et d'ailleurs et promet de faire progresser de mani\u00e8re significative la recherche en immunologie et la collaboration scientifique pour relever les d\u00e9fis de sant\u00e9 en Afrique et dans le monde.<\/strong><\/p>\t\t\t\t\t\t<\/div>\n\t\t\t\t<\/div>\n\t\t\t\t<\/div>\n\t\t\t\t\t<\/div>\n\t\t\t\t<\/div>\n\t\t<div class=\"elementor-element elementor-element-a4235c0 e-flex e-con-boxed e-con e-parent\" data-id=\"a4235c0\" data-element_type=\"container\" data-settings=\"{&quot;background_background&quot;:&quot;gradient&quot;}\">\n\t\t\t\t\t<div class=\"e-con-inner\">\n\t\t<div class=\"elementor-element elementor-element-0a487ae e-con-full e-flex e-con e-child\" data-id=\"0a487ae\" data-element_type=\"container\">\n\t\t\t\t<div class=\"elementor-element elementor-element-90188ca elementor-widget elementor-widget-text-editor\" data-id=\"90188ca\" data-element_type=\"widget\" data-widget_type=\"text-editor.default\">\n\t\t\t\t<div class=\"elementor-widget-container\">\n\t\t\t\t\t\t\t<p>The African Congress of Immunology is a major triennial event that brings together immunologists from across Africa and beyond. After the last edition held online in 2021 due to the COVID-19 pandemic, the 2024 edition (FAIS-2024), initially planned for The Gambia, went through several relocation attempts before finalizing in Cotonou, Benin. Scheduled from December 10 to 13, 2024, at the Palais des Congr\u00e8s de Cotonou, FAIS-2024 is themed \u201cInnovative Strategies Against Infectious Diseases and Emerging Immunological Disorders in Africa.\u201d This prestigious event, affiliated with the International Union of Immunological Societies (IUIS), is expected to attract 300 delegates, promising high standards in both scientific exchanges and social programs.\u00a0<\/p>\t\t\t\t\t\t<\/div>\n\t\t\t\t<\/div>\n\t\t\t\t<\/div>\n\t\t<div class=\"elementor-element elementor-element-66e96f9 e-con-full e-flex e-con e-child\" data-id=\"66e96f9\" data-element_type=\"container\">\n\t\t\t\t<div class=\"elementor-element elementor-element-d9ce149 elementor-widget elementor-widget-text-editor\" data-id=\"d9ce149\" data-element_type=\"widget\" data-widget_type=\"text-editor.default\">\n\t\t\t\t<div class=\"elementor-widget-container\">\n\t\t\t\t\t\t\t<p>Le congr\u00e8s FAIS-2024 propose un programme complet, incluant un atelier pr\u00e9-congr\u00e8s sur la cytom\u00e9trie en flux, et des sessions couvrant les maladies \u00e9mergentes, l'immunologie de la sant\u00e9 unique, l'immunologie du cancer, le VIH, la tuberculose, le paludisme, l'immunologie des vaccins et les formules traditionnelles \u00e0 base de plantes. Le congr\u00e8s de Cotonou promet de faire progresser de mani\u00e8re significative la recherche en immunologie et la collaboration scientifique pour relever les d\u00e9fis de sant\u00e9 en Afrique et dans le monde.<\/p>\t\t\t\t\t\t<\/div>\n\t\t\t\t<\/div>\n\t\t\t\t<\/div>\n\t\t<div class=\"elementor-element elementor-element-91bb91f e-con-full e-flex e-con e-child\" data-id=\"91bb91f\" data-element_type=\"container\">\n\t\t<div class=\"elementor-element elementor-element-53111fa e-con-full e-flex e-con e-child\" data-id=\"53111fa\" data-element_type=\"container\">\n\t\t\t\t<div class=\"elementor-element elementor-element-7544f89 elementor-widget elementor-widget-image\" data-id=\"7544f89\" data-element_type=\"widget\" data-widget_type=\"image.default\">\n\t\t\t\t<div class=\"elementor-widget-container\">\n\t\t\t<style>\/*! elementor - v3.23.0 - 15-07-2024 *\/\n.elementor-widget-image{text-align:center}.elementor-widget-image a{display:inline-block}.elementor-widget-image a img[src$=\".svg\"]{width:48px}.elementor-widget-image img{vertical-align:middle;display:inline-block}<\/style>\t\t\t\t\t\t\t\t\t\t<img decoding=\"async\" width=\"150\" height=\"150\" src=\"https:\/\/faisctn2024.com\/wp-content\/uploads\/2024\/05\/stethoscope_809957-150x150.png\" class=\"attachment-thumbnail size-thumbnail wp-image-168\" alt=\"\" srcset=\"https:\/\/faisctn2024.com\/wp-content\/uploads\/2024\/05\/stethoscope_809957-150x150.png 150w, https:\/\/faisctn2024.com\/wp-content\/uploads\/2024\/05\/stethoscope_809957-300x300.png 300w, https:\/\/faisctn2024.com\/wp-content\/uploads\/2024\/05\/stethoscope_809957-100x100.png 100w, https:\/\/faisctn2024.com\/wp-content\/uploads\/2024\/05\/stethoscope_809957-416x416.png 416w, https:\/\/faisctn2024.com\/wp-content\/uploads\/2024\/05\/stethoscope_809957-480x480.png 480w, https:\/\/faisctn2024.com\/wp-content\/uploads\/2024\/05\/stethoscope_809957.png 512w\" sizes=\"(max-width: 150px) 100vw, 150px\" \/>\t\t\t\t\t\t\t\t\t\t\t\t\t<\/div>\n\t\t\t\t<\/div>\n\t\t\t\t<\/div>\n\t\t<div class=\"elementor-element elementor-element-aad8700 e-con-full e-flex e-con e-child\" data-id=\"aad8700\" data-element_type=\"container\">\n\t\t\t\t<div class=\"elementor-element elementor-element-6aed990 elementor-widget elementor-widget-text-editor\" data-id=\"6aed990\" data-element_type=\"widget\" data-widget_type=\"text-editor.default\">\n\t\t\t\t<div class=\"elementor-widget-container\">\n\t\t\t\t\t\t\t<p><strong>maladies \u00e9mergentes<\/strong><\/p>\t\t\t\t\t\t<\/div>\n\t\t\t\t<\/div>\n\t\t\t\t<\/div>\n\t\t<div class=\"elementor-element elementor-element-f2369d0 e-con-full e-flex e-con e-child\" data-id=\"f2369d0\" data-element_type=\"container\">\n\t\t\t\t<div class=\"elementor-element elementor-element-ab66b30 elementor-widget elementor-widget-image\" data-id=\"ab66b30\" data-element_type=\"widget\" data-widget_type=\"image.default\">\n\t\t\t\t<div class=\"elementor-widget-container\">\n\t\t\t\t\t\t\t\t\t\t\t\t\t<img decoding=\"async\" width=\"150\" height=\"150\" src=\"https:\/\/faisctn2024.com\/wp-content\/uploads\/2024\/05\/stethoscope_809957-150x150.png\" class=\"attachment-thumbnail size-thumbnail wp-image-168\" alt=\"\" srcset=\"https:\/\/faisctn2024.com\/wp-content\/uploads\/2024\/05\/stethoscope_809957-150x150.png 150w, https:\/\/faisctn2024.com\/wp-content\/uploads\/2024\/05\/stethoscope_809957-300x300.png 300w, https:\/\/faisctn2024.com\/wp-content\/uploads\/2024\/05\/stethoscope_809957-100x100.png 100w, https:\/\/faisctn2024.com\/wp-content\/uploads\/2024\/05\/stethoscope_809957-416x416.png 416w, https:\/\/faisctn2024.com\/wp-content\/uploads\/2024\/05\/stethoscope_809957-480x480.png 480w, https:\/\/faisctn2024.com\/wp-content\/uploads\/2024\/05\/stethoscope_809957.png 512w\" sizes=\"(max-width: 150px) 100vw, 150px\" \/>\t\t\t\t\t\t\t\t\t\t\t\t\t<\/div>\n\t\t\t\t<\/div>\n\t\t\t\t<\/div>\n\t\t<div class=\"elementor-element elementor-element-1a80b02 e-con-full e-flex e-con e-child\" data-id=\"1a80b02\" data-element_type=\"container\">\n\t\t\t\t<div class=\"elementor-element elementor-element-69b9786 elementor-widget elementor-widget-text-editor\" data-id=\"69b9786\" data-element_type=\"widget\" data-widget_type=\"text-editor.default\">\n\t\t\t\t<div class=\"elementor-widget-container\">\n\t\t\t\t\t\t\t<p><strong>l'immunologie de la sant\u00e9 unique<\/strong><\/p>\t\t\t\t\t\t<\/div>\n\t\t\t\t<\/div>\n\t\t\t\t<\/div>\n\t\t\t\t<\/div>\n\t\t<div class=\"elementor-element elementor-element-da934ee e-con-full e-flex e-con e-child\" data-id=\"da934ee\" data-element_type=\"container\">\n\t\t<div class=\"elementor-element elementor-element-8e34aa1 e-con-full e-flex e-con e-child\" data-id=\"8e34aa1\" data-element_type=\"container\">\n\t\t\t\t<div class=\"elementor-element elementor-element-f5430f4 elementor-widget elementor-widget-image\" data-id=\"f5430f4\" data-element_type=\"widget\" data-widget_type=\"image.default\">\n\t\t\t\t<div class=\"elementor-widget-container\">\n\t\t\t\t\t\t\t\t\t\t\t\t\t<img decoding=\"async\" width=\"150\" height=\"150\" src=\"https:\/\/faisctn2024.com\/wp-content\/uploads\/2024\/05\/stethoscope_809957-150x150.png\" class=\"attachment-thumbnail size-thumbnail wp-image-168\" alt=\"\" srcset=\"https:\/\/faisctn2024.com\/wp-content\/uploads\/2024\/05\/stethoscope_809957-150x150.png 150w, https:\/\/faisctn2024.com\/wp-content\/uploads\/2024\/05\/stethoscope_809957-300x300.png 300w, https:\/\/faisctn2024.com\/wp-content\/uploads\/2024\/05\/stethoscope_809957-100x100.png 100w, https:\/\/faisctn2024.com\/wp-content\/uploads\/2024\/05\/stethoscope_809957-416x416.png 416w, https:\/\/faisctn2024.com\/wp-content\/uploads\/2024\/05\/stethoscope_809957-480x480.png 480w, https:\/\/faisctn2024.com\/wp-content\/uploads\/2024\/05\/stethoscope_809957.png 512w\" sizes=\"(max-width: 150px) 100vw, 150px\" \/>\t\t\t\t\t\t\t\t\t\t\t\t\t<\/div>\n\t\t\t\t<\/div>\n\t\t\t\t<\/div>\n\t\t<div class=\"elementor-element elementor-element-a71083e e-con-full e-flex e-con e-child\" data-id=\"a71083e\" data-element_type=\"container\">\n\t\t\t\t<div class=\"elementor-element elementor-element-abe7135 elementor-widget elementor-widget-text-editor\" data-id=\"abe7135\" data-element_type=\"widget\" data-widget_type=\"text-editor.default\">\n\t\t\t\t<div class=\"elementor-widget-container\">\n\t\t\t\t\t\t\t<p><strong>l'immunologie des vaccins<\/strong><\/p>\t\t\t\t\t\t<\/div>\n\t\t\t\t<\/div>\n\t\t\t\t<\/div>\n\t\t<div class=\"elementor-element elementor-element-5aa1baa e-con-full e-flex e-con e-child\" data-id=\"5aa1baa\" data-element_type=\"container\">\n\t\t\t\t<div class=\"elementor-element elementor-element-9ec17ed elementor-widget elementor-widget-image\" data-id=\"9ec17ed\" data-element_type=\"widget\" data-widget_type=\"image.default\">\n\t\t\t\t<div class=\"elementor-widget-container\">\n\t\t\t\t\t\t\t\t\t\t\t\t\t<img decoding=\"async\" width=\"150\" height=\"150\" src=\"https:\/\/faisctn2024.com\/wp-content\/uploads\/2024\/05\/stethoscope_809957-150x150.png\" class=\"attachment-thumbnail size-thumbnail wp-image-168\" alt=\"\" srcset=\"https:\/\/faisctn2024.com\/wp-content\/uploads\/2024\/05\/stethoscope_809957-150x150.png 150w, https:\/\/faisctn2024.com\/wp-content\/uploads\/2024\/05\/stethoscope_809957-300x300.png 300w, https:\/\/faisctn2024.com\/wp-content\/uploads\/2024\/05\/stethoscope_809957-100x100.png 100w, https:\/\/faisctn2024.com\/wp-content\/uploads\/2024\/05\/stethoscope_809957-416x416.png 416w, https:\/\/faisctn2024.com\/wp-content\/uploads\/2024\/05\/stethoscope_809957-480x480.png 480w, https:\/\/faisctn2024.com\/wp-content\/uploads\/2024\/05\/stethoscope_809957.png 512w\" sizes=\"(max-width: 150px) 100vw, 150px\" \/>\t\t\t\t\t\t\t\t\t\t\t\t\t<\/div>\n\t\t\t\t<\/div>\n\t\t\t\t<\/div>\n\t\t<div class=\"elementor-element elementor-element-7fa6937 e-con-full e-flex e-con e-child\" data-id=\"7fa6937\" data-element_type=\"container\">\n\t\t\t\t<div class=\"elementor-element elementor-element-8559d4c elementor-widget elementor-widget-text-editor\" data-id=\"8559d4c\" data-element_type=\"widget\" data-widget_type=\"text-editor.default\">\n\t\t\t\t<div class=\"elementor-widget-container\">\n\t\t\t\t\t\t\t<p><strong>les formules traditionnelles \u00e0 base de plantes<\/strong><\/p>\t\t\t\t\t\t<\/div>\n\t\t\t\t<\/div>\n\t\t\t\t<\/div>\n\t\t\t\t<\/div>\n\t\t\t\t\t<\/div>\n\t\t\t\t<\/div>\n\t\t<div class=\"elementor-element elementor-element-ff5db1a e-flex e-con-boxed e-con e-parent\" data-id=\"ff5db1a\" data-element_type=\"container\" data-settings=\"{&quot;background_background&quot;:&quot;classic&quot;}\">\n\t\t\t\t\t<div class=\"e-con-inner\">\n\t\t<div class=\"elementor-element elementor-element-5857a26 e-con-full e-flex e-con e-child\" data-id=\"5857a26\" data-element_type=\"container\">\n\t\t<div class=\"elementor-element elementor-element-68a409b e-con-full e-flex e-con e-child\" data-id=\"68a409b\" data-element_type=\"container\">\n\t\t\t\t<div class=\"elementor-element elementor-element-7e55257 elementor-widget elementor-widget-heading\" data-id=\"7e55257\" data-element_type=\"widget\" data-widget_type=\"heading.default\">\n\t\t\t\t<div class=\"elementor-widget-container\">\n\t\t\t<h2 class=\"elementor-heading-title elementor-size-default\">The leading event \non immunology<\/h2>\t\t<\/div>\n\t\t\t\t<\/div>\n\t\t\t\t<div class=\"elementor-element elementor-element-c430726 elementor-widget elementor-widget-text-editor\" data-id=\"c430726\" data-element_type=\"widget\" data-widget_type=\"text-editor.default\">\n\t\t\t\t<div class=\"elementor-widget-container\">\n\t\t\t\t\t\t\t<p>FAIS-2024 aura lieu du 10 au 13 d\u00e9cembre 2024 au Palais des congr\u00e8s de Cotonou<\/p>\t\t\t\t\t\t<\/div>\n\t\t\t\t<\/div>\n\t\t\t\t<\/div>\n\t\t\t\t<\/div>\n\t\t<div class=\"elementor-element elementor-element-5d1cbbf e-con-full e-flex e-con e-child\" data-id=\"5d1cbbf\" data-element_type=\"container\">\n\t\t<div class=\"elementor-element elementor-element-5ef7c97 e-con-full e-flex e-con e-child\" data-id=\"5ef7c97\" data-element_type=\"container\">\n\t\t\t\t<div class=\"elementor-element elementor-element-ab8a695 elementor-widget elementor-widget-video\" data-id=\"ab8a695\" data-element_type=\"widget\" data-settings=\"{&quot;video_type&quot;:&quot;hosted&quot;,&quot;controls&quot;:&quot;yes&quot;}\" data-widget_type=\"video.default\">\n\t\t\t\t<div class=\"elementor-widget-container\">\n\t\t\t<style>\/*! elementor - v3.23.0 - 15-07-2024 *\/\n.elementor-widget-video .elementor-widget-container{overflow:hidden;transform:translateZ(0)}.elementor-widget-video .elementor-wrapper{aspect-ratio:var(--video-aspect-ratio)}.elementor-widget-video .elementor-wrapper iframe,.elementor-widget-video .elementor-wrapper video{height:100%;width:100%;display:flex;border:none;background-color:#000}@supports not (aspect-ratio:1\/1){.elementor-widget-video .elementor-wrapper{position:relative;overflow:hidden;height:0;padding-bottom:calc(100% \/ var(--video-aspect-ratio))}.elementor-widget-video .elementor-wrapper iframe,.elementor-widget-video .elementor-wrapper video{position:absolute;top:0;right:0;bottom:0;left:0}}.elementor-widget-video .elementor-open-inline .elementor-custom-embed-image-overlay{position:absolute;top:0;right:0;bottom:0;left:0;background-size:cover;background-position:50%}.elementor-widget-video .elementor-custom-embed-image-overlay{cursor:pointer;text-align:center}.elementor-widget-video .elementor-custom-embed-image-overlay:hover .elementor-custom-embed-play i{opacity:1}.elementor-widget-video .elementor-custom-embed-image-overlay img{display:block;width:100%;aspect-ratio:var(--video-aspect-ratio);-o-object-fit:cover;object-fit:cover;-o-object-position:center center;object-position:center center}@supports not (aspect-ratio:1\/1){.elementor-widget-video .elementor-custom-embed-image-overlay{position:relative;overflow:hidden;height:0;padding-bottom:calc(100% \/ var(--video-aspect-ratio))}.elementor-widget-video .elementor-custom-embed-image-overlay img{position:absolute;top:0;right:0;bottom:0;left:0}}.elementor-widget-video .e-hosted-video .elementor-video{-o-object-fit:cover;object-fit:cover}.e-con-inner>.elementor-widget-video,.e-con>.elementor-widget-video{width:var(--container-widget-width);--flex-grow:var(--container-widget-flex-grow)}<\/style>\t\t<div class=\"e-hosted-video elementor-wrapper elementor-open-inline\">\n\t\t\t\t\t<video class=\"elementor-video\" src=\"https:\/\/faisctn2024.com\/wp-content\/uploads\/2024\/07\/Capsule_FAIS-2024-1.webm\" controls=\"\" preload=\"metadata\" controlslist=\"nodownload\"><\/video>\n\t\t\t\t<\/div>\n\t\t\t\t<\/div>\n\t\t\t\t<\/div>\n\t\t\t\t<\/div>\n\t\t\t\t<\/div>\n\t\t\t\t\t<\/div>\n\t\t\t\t<\/div>\n\t\t<div class=\"elementor-element elementor-element-3df882a4 e-flex e-con-boxed e-con e-parent\" data-id=\"3df882a4\" data-element_type=\"container\" data-settings=\"{&quot;background_background&quot;:&quot;classic&quot;}\">\n\t\t\t\t\t<div class=\"e-con-inner\">\n\t\t<div class=\"elementor-element elementor-element-18b21001 e-con-full e-flex e-con e-child\" data-id=\"18b21001\" data-element_type=\"container\">\n\t\t<div class=\"elementor-element elementor-element-5c2577f8 e-con-full e-flex e-con e-child\" data-id=\"5c2577f8\" data-element_type=\"container\">\n\t\t\t\t<div class=\"elementor-element elementor-element-28a2e5d1 elementor-widget elementor-widget-heading\" data-id=\"28a2e5d1\" data-element_type=\"widget\" data-widget_type=\"heading.default\">\n\t\t\t\t<div class=\"elementor-widget-container\">\n\t\t\t<h2 class=\"elementor-heading-title elementor-size-default\">PROGRAMME<\/h2>\t\t<\/div>\n\t\t\t\t<\/div>\n\t\t\t\t<div class=\"elementor-element elementor-element-794b6068 elementor-align-center elementor-widget elementor-widget-button\" data-id=\"794b6068\" data-element_type=\"widget\" data-widget_type=\"button.default\">\n\t\t\t\t<div class=\"elementor-widget-container\">\n\t\t\t\t\t<div class=\"elementor-button-wrapper\">\n\t\t\t<a class=\"elementor-button elementor-button-link elementor-size-sm\" href=\"https:\/\/faisctn2024.com\/fr\/programme\/\">\n\t\t\t\t\t\t<span class=\"elementor-button-content-wrapper\">\n\t\t\t\t\t\t\t\t\t<span class=\"elementor-button-text\">D\u00e9couvrir le programme<\/span>\n\t\t\t\t\t<\/span>\n\t\t\t\t\t<\/a>\n\t\t<\/div>\n\t\t\t\t<\/div>\n\t\t\t\t<\/div>\n\t\t\t\t<\/div>\n\t\t<div class=\"elementor-element elementor-element-7b33f4b4 e-con-full e-flex e-con e-child\" data-id=\"7b33f4b4\" data-element_type=\"container\">\n\t\t\t\t<div class=\"elementor-element elementor-element-2f6ae4ff elementor-widget elementor-widget-heading\" data-id=\"2f6ae4ff\" data-element_type=\"widget\" data-widget_type=\"heading.default\">\n\t\t\t\t<div class=\"elementor-widget-container\">\n\t\t\t<h2 class=\"elementor-heading-title elementor-size-default\">TH\u00c9MATIQUES<\/h2>\t\t<\/div>\n\t\t\t\t<\/div>\n\t\t\t\t<div class=\"elementor-element elementor-element-6e857a9c elementor-align-center elementor-widget elementor-widget-button\" data-id=\"6e857a9c\" data-element_type=\"widget\" data-widget_type=\"button.default\">\n\t\t\t\t<div class=\"elementor-widget-container\">\n\t\t\t\t\t<div class=\"elementor-button-wrapper\">\n\t\t\t<a class=\"elementor-button elementor-button-link elementor-size-sm\" href=\"https:\/\/faisctn2024.com\/thematiques\">\n\t\t\t\t\t\t<span class=\"elementor-button-content-wrapper\">\n\t\t\t\t\t\t\t\t\t<span class=\"elementor-button-text\">D\u00e9couvrir les th\u00e9matiques<\/span>\n\t\t\t\t\t<\/span>\n\t\t\t\t\t<\/a>\n\t\t<\/div>\n\t\t\t\t<\/div>\n\t\t\t\t<\/div>\n\t\t\t\t<\/div>\n\t\t\t\t<\/div>\n\t\t\t\t\t<\/div>\n\t\t\t\t<\/div>\n\t\t<div class=\"elementor-element elementor-element-d4278e5 e-flex e-con-boxed e-con e-parent\" data-id=\"d4278e5\" data-element_type=\"container\">\n\t\t\t\t\t<div class=\"e-con-inner\">\n\t\t<div class=\"elementor-element elementor-element-57a1915c e-con-full e-flex e-con e-child\" data-id=\"57a1915c\" data-element_type=\"container\">\n\t\t\t\t<div class=\"elementor-element elementor-element-46379547 elementor-widget elementor-widget-heading\" data-id=\"46379547\" data-element_type=\"widget\" data-widget_type=\"heading.default\">\n\t\t\t\t<div class=\"elementor-widget-container\">\n\t\t\t<h2 class=\"elementor-heading-title elementor-size-default\">Joindre les acteurs de l'immunologie<\/h2>\t\t<\/div>\n\t\t\t\t<\/div>\n\t\t\t\t<\/div>\n\t\t<div class=\"elementor-element elementor-element-7c8f035b e-con-full e-flex e-con e-child\" data-id=\"7c8f035b\" data-element_type=\"container\">\n\t\t\t\t<div class=\"elementor-element elementor-element-13b9615d elementor-align-center elementor-widget elementor-widget-button\" data-id=\"13b9615d\" data-element_type=\"widget\" data-widget_type=\"button.default\">\n\t\t\t\t<div class=\"elementor-widget-container\">\n\t\t\t\t\t<div class=\"elementor-button-wrapper\">\n\t\t\t<a class=\"elementor-button elementor-button-link elementor-size-sm\" href=\"https:\/\/faisctn2024.com\/billetterie\">\n\t\t\t\t\t\t<span class=\"elementor-button-content-wrapper\">\n\t\t\t\t\t\t\t\t\t<span class=\"elementor-button-text\">S'enr\u00e9gistrer<\/span>\n\t\t\t\t\t<\/span>\n\t\t\t\t\t<\/a>\n\t\t<\/div>\n\t\t\t\t<\/div>\n\t\t\t\t<\/div>\n\t\t\t\t<\/div>\n\t\t\t\t\t<\/div>\n\t\t\t\t<\/div>\n\t\t\t\t<\/div>","protected":false},"excerpt":{"rendered":"<p>IMMUNOLOGY FAIS-2024 brings together immunologists from across Africa and beyond and promises to significantly advance immunology research and scientific collaboration [&hellip;]<\/p>","protected":false},"author":1,"featured_media":0,"parent":0,"menu_order":0,"comment_status":"closed","ping_status":"closed","template":"","meta":{"om_disable_all_campaigns":false,"_monsterinsights_skip_tracking":false,"_monsterinsights_sitenote_active":false,"_monsterinsights_sitenote_note":"","_monsterinsights_sitenote_category":0,"_uf_show_specific_survey":0,"_uf_disable_surveys":false,"site-sidebar-layout":"default","site-content-layout":"","ast-site-content-layout":"","site-content-style":"default","site-sidebar-style":"default","ast-global-header-display":"","ast-banner-title-visibility":"","ast-main-header-display":"","ast-hfb-above-header-display":"","ast-hfb-below-header-display":"","ast-hfb-mobile-header-display":"","site-post-title":"","ast-breadcrumbs-content":"","ast-featured-img":"","footer-sml-layout":"","theme-transparent-header-meta":"","adv-header-id-meta":"","stick-header-meta":"","header-above-stick-meta":"","header-main-stick-meta":"","header-below-stick-meta":"","astra-migrate-meta-layouts":"default","ast-page-background-enabled":"default","ast-page-background-meta":{"desktop":{"background-color":"var(--ast-global-color-4)","background-image":"","background-repeat":"repeat","background-position":"center center","background-size":"auto","background-attachment":"scroll","background-type":"","background-media":"","overlay-type":"","overlay-color":"","overlay-opacity":"","overlay-gradient":""},"tablet":{"background-color":"","background-image":"","background-repeat":"repeat","background-position":"center center","background-size":"auto","background-attachment":"scroll","background-type":"","background-media":"","overlay-type":"","overlay-color":"","overlay-opacity":"","overlay-gradient":""},"mobile":{"background-color":"","background-image":"","background-repeat":"repeat","background-position":"center center","background-size":"auto","background-attachment":"scroll","background-type":"","background-media":"","overlay-type":"","overlay-color":"","overlay-opacity":"","overlay-gradient":""}},"ast-content-background-meta":{"desktop":{"background-color":"var(--ast-global-color-5)","background-image":"","background-repeat":"repeat","background-position":"center center","background-size":"auto","background-attachment":"scroll","background-type":"","background-media":"","overlay-type":"","overlay-color":"","overlay-opacity":"","overlay-gradient":""},"tablet":{"background-color":"var(--ast-global-color-5)","background-image":"","background-repeat":"repeat","background-position":"center center","background-size":"auto","background-attachment":"scroll","background-type":"","background-media":"","overlay-type":"","overlay-color":"","overlay-opacity":"","overlay-gradient":""},"mobile":{"background-color":"var(--ast-global-color-5)","background-image":"","background-repeat":"repeat","background-position":"center center","background-size":"auto","background-attachment":"scroll","background-type":"","background-media":"","overlay-type":"","overlay-color":"","overlay-opacity":"","overlay-gradient":""}},"footnotes":""},"class_list":["post-1413","page","type-page","status-publish","hentry"],"aioseo_notices":[],"_links":{"self":[{"href":"https:\/\/faisctn2024.com\/fr\/wp-json\/wp\/v2\/pages\/1413","targetHints":{"allow":["GET"]}}],"collection":[{"href":"https:\/\/faisctn2024.com\/fr\/wp-json\/wp\/v2\/pages"}],"about":[{"href":"https:\/\/faisctn2024.com\/fr\/wp-json\/wp\/v2\/types\/page"}],"author":[{"embeddable":true,"href":"https:\/\/faisctn2024.com\/fr\/wp-json\/wp\/v2\/users\/1"}],"replies":[{"embeddable":true,"href":"https:\/\/faisctn2024.com\/fr\/wp-json\/wp\/v2\/comments?post=1413"}],"version-history":[{"count":68,"href":"https:\/\/faisctn2024.com\/fr\/wp-json\/wp\/v2\/pages\/1413\/revisions"}],"predecessor-version":[{"id":2586,"href":"https:\/\/faisctn2024.com\/fr\/wp-json\/wp\/v2\/pages\/1413\/revisions\/2586"}],"wp:attachment":[{"href":"https:\/\/faisctn2024.com\/fr\/wp-json\/wp\/v2\/media?parent=1413"}],"curies":[{"name":"wp","href":"https:\/\/api.w.org\/{rel}","templated":true}]}}